{"id":273,"date":"2026-04-27T21:04:48","date_gmt":"2026-04-27T21:04:48","guid":{"rendered":"https:\/\/realitaetsschmiede.com\/?page_id=273"},"modified":"2026-04-27T21:18:01","modified_gmt":"2026-04-27T21:18:01","slug":"impressum","status":"publish","type":"page","link":"https:\/\/realitaetsschmiede.com\/?page_id=273","title":{"rendered":"Impressum"},"content":{"rendered":"\t\t<div data-elementor-type=\"wp-page\" data-elementor-id=\"273\" class=\"elementor elementor-273\" data-elementor-post-type=\"page\">\n\t\t\t\t<div class=\"elementor-element elementor-element-3f8e6d3 e-flex e-con-boxed e-con e-parent\" data-id=\"3f8e6d3\" data-element_type=\"container\" data-e-type=\"container\" data-settings=\"{&quot;background_background&quot;:&quot;gradient&quot;}\">\n\t\t\t\t\t<div class=\"e-con-inner\">\n\t\t\t\t<div class=\"elementor-element elementor-element-b3aabfd elementor-widget elementor-widget-image\" data-id=\"b3aabfd\" data-element_type=\"widget\" data-e-type=\"widget\" data-widget_type=\"image.default\">\n\t\t\t\t\t\t\t\t\t\t\t\t\t\t\t<img fetchpriority=\"high\" decoding=\"async\" width=\"800\" height=\"348\" src=\"https:\/\/realitaetsschmiede.com\/wp-content\/uploads\/2026\/02\/Zeichenflache-2@4x-1024x445.png\" class=\"attachment-large size-large wp-image-52\" alt=\"\" srcset=\"https:\/\/realitaetsschmiede.com\/wp-content\/uploads\/2026\/02\/Zeichenflache-2@4x-1024x445.png 1024w, https:\/\/realitaetsschmiede.com\/wp-content\/uploads\/2026\/02\/Zeichenflache-2@4x-300x130.png 300w, https:\/\/realitaetsschmiede.com\/wp-content\/uploads\/2026\/02\/Zeichenflache-2@4x-768x334.png 768w, https:\/\/realitaetsschmiede.com\/wp-content\/uploads\/2026\/02\/Zeichenflache-2@4x-1536x667.png 1536w, https:\/\/realitaetsschmiede.com\/wp-content\/uploads\/2026\/02\/Zeichenflache-2@4x-2048x890.png 2048w\" sizes=\"(max-width: 800px) 100vw, 800px\" \/>\t\t\t\t\t\t\t\t\t\t\t\t\t\t\t<\/div>\n\t\t\t\t<div class=\"elementor-element elementor-element-71235db elementor-widget elementor-widget-heading\" data-id=\"71235db\" data-element_type=\"widget\" data-e-type=\"widget\" data-widget_type=\"heading.default\">\n\t\t\t\t\t<h2 class=\"elementor-heading-title elementor-size-default\">Impressum\n<\/h2>\t\t\t\t<\/div>\n\t\t\t\t<div class=\"elementor-element elementor-element-8cae799 elementor-widget elementor-widget-text-editor\" data-id=\"8cae799\" data-element_type=\"widget\" data-e-type=\"widget\" data-widget_type=\"text-editor.default\">\n\t\t\t\t\t\t\t\t\t<p>Angaben gem\u00e4\u00df \u00a7 5 TMG (Telemediengesetz)<\/p><p>Realit\u00e4tsschmiede Helbig &amp; Baur GbR<\/p><p>Gabriele Helbig &amp; Winfried Baur<\/p><p>Am Waldhang 33<\/p><p>82205 Gilching<\/p><p>Deutschland<\/p><p>Telefon: +49 173 3813245 \/ +49 152 38473410<\/p><p>E-Mail: <a href=\"mailto:gaby.helbig@icloud.com\">gaby.helbig@icloud.com<\/a> \/ winne.baur@gmx.de<\/p><p>Vertreten durch:<\/p><p>Gabriele Helbig &amp; Winfried Baur<\/p><p>Umsatzsteuer-ID:<\/p><p>DE453108248<\/p><p>Verantwortlich f\u00fcr den Inhalt nach \u00a7 55 Abs. 2 RStV:<\/p><p>Vor- und Nachname, Adresse wie oben<\/p><p>Online-Streitbeilegung gem\u00e4\u00df Art. 14 Abs. 1 ODR-VO und \u00a7 36 VSBG:<\/p><p>Die Europ\u00e4ische Kommission stellt eine Plattform zur Online-Streitbeilegung (OS) bereit:<\/p><p>https:\/\/ec.europa.eu\/consumers\/odr\/<\/p><p>Wir sind nicht verpflichtet und nicht bereit, an Streitbeilegungsverfahren vor einer Verbraucherschlichtungsstelle teilzunehmen.<\/p>\t\t\t\t\t\t\t\t<\/div>\n\t\t\t\t\t<\/div>\n\t\t\t\t<\/div>\n\t\t<div class=\"elementor-element elementor-element-de86d02 e-flex e-con-boxed e-con e-parent\" data-id=\"de86d02\" data-element_type=\"container\" data-e-type=\"container\" data-settings=\"{&quot;background_background&quot;:&quot;classic&quot;}\">\n\t\t\t\t\t<div class=\"e-con-inner\">\n\t\t\t\t<div class=\"elementor-element elementor-element-71e6f01 elementor-widget elementor-widget-image\" data-id=\"71e6f01\" data-element_type=\"widget\" data-e-type=\"widget\" data-widget_type=\"image.default\">\n\t\t\t\t\t\t\t\t\t\t\t\t\t\t\t<img fetchpriority=\"high\" decoding=\"async\" width=\"800\" height=\"348\" src=\"https:\/\/realitaetsschmiede.com\/wp-content\/uploads\/2026\/02\/Zeichenflache-2@4x-1024x445.png\" class=\"attachment-large size-large wp-image-52\" alt=\"\" srcset=\"https:\/\/realitaetsschmiede.com\/wp-content\/uploads\/2026\/02\/Zeichenflache-2@4x-1024x445.png 1024w, https:\/\/realitaetsschmiede.com\/wp-content\/uploads\/2026\/02\/Zeichenflache-2@4x-300x130.png 300w, https:\/\/realitaetsschmiede.com\/wp-content\/uploads\/2026\/02\/Zeichenflache-2@4x-768x334.png 768w, https:\/\/realitaetsschmiede.com\/wp-content\/uploads\/2026\/02\/Zeichenflache-2@4x-1536x667.png 1536w, https:\/\/realitaetsschmiede.com\/wp-content\/uploads\/2026\/02\/Zeichenflache-2@4x-2048x890.png 2048w\" sizes=\"(max-width: 800px) 100vw, 800px\" \/>\t\t\t\t\t\t\t\t\t\t\t\t\t\t\t<\/div>\n\t\t\t\t<div class=\"elementor-element elementor-element-67c725c elementor-widget elementor-widget-text-editor\" data-id=\"67c725c\" data-element_type=\"widget\" data-e-type=\"widget\" data-widget_type=\"text-editor.default\">\n\t\t\t\t\t\t\t\t\t<p><span style=\"color: #ffffff;\"><a style=\"color: #ffffff;\" href=\"https:\/\/realitaetsschmiede.com\/?page_id=273\">Impressum<\/a> | <a style=\"color: #ffffff;\" href=\"https:\/\/realitaetsschmiede.com\/?page_id=288\">Datenschutz<\/a><\/span><\/p>\t\t\t\t\t\t\t\t<\/div>\n\t\t\t\t\t<\/div>\n\t\t\t\t<\/div>\n\t\t\t\t<\/div>\n\t\t","protected":false},"excerpt":{"rendered":"<p>Impressum Angaben gem\u00e4\u00df \u00a7 5 TMG (Telemediengesetz) Realit\u00e4tsschmiede Helbig &amp; Baur GbR Gabriele Helbig &amp; Winfried Baur Am Waldhang 33 82205 Gilching Deutschland Telefon: +49 173 3813245 \/ +49 152 38473410 E-Mail: gaby.helbig@icloud.com \/ winne.baur@gmx.de Vertreten durch: Gabriele Helbig &amp; Winfried Baur Umsatzsteuer-ID: DE453108248 Verantwortlich f\u00fcr den Inhalt nach \u00a7 55 Abs. 2 RStV: Vor- [&hellip;]<\/p>\n","protected":false},"author":1,"featured_media":0,"parent":0,"menu_order":0,"comment_status":"closed","ping_status":"closed","template":"elementor_canvas","meta":{"footnotes":""},"class_list":["post-273","page","type-page","status-publish","hentry"],"yoast_head":"<!-- This site is optimized with the Yoast SEO plugin v27.4 - https:\/\/yoast.com\/product\/yoast-seo-wordpress\/ -->\n<title>Impressum - Realit\u00e4tsschmiede<\/title>\n<meta name=\"robots\" content=\"index, follow, max-snippet:-1, max-image-preview:large, max-video-preview:-1\" \/>\n<link rel=\"canonical\" href=\"https:\/\/realitaetsschmiede.com\/?page_id=273\" \/>\n<meta property=\"og:locale\" content=\"en_US\" \/>\n<meta property=\"og:type\" content=\"article\" \/>\n<meta property=\"og:title\" content=\"Impressum - Realit\u00e4tsschmiede\" \/>\n<meta property=\"og:description\" content=\"Impressum Angaben gem\u00e4\u00df \u00a7 5 TMG (Telemediengesetz) Realit\u00e4tsschmiede Helbig &amp; Baur GbR Gabriele Helbig &amp; Winfried Baur Am Waldhang 33 82205 Gilching Deutschland Telefon: +49 173 3813245 \/ +49 152 38473410 E-Mail: gaby.helbig@icloud.com \/ winne.baur@gmx.de Vertreten durch: Gabriele Helbig &amp; Winfried Baur Umsatzsteuer-ID: DE453108248 Verantwortlich f\u00fcr den Inhalt nach \u00a7 55 Abs. 2 RStV: Vor- [&hellip;]\" \/>\n<meta property=\"og:url\" content=\"https:\/\/realitaetsschmiede.com\/?page_id=273\" \/>\n<meta property=\"og:site_name\" content=\"Realit\u00e4tsschmiede\" \/>\n<meta property=\"article:modified_time\" content=\"2026-04-27T21:18:01+00:00\" \/>\n<meta property=\"og:image\" content=\"https:\/\/realitaetsschmiede.com\/wp-content\/uploads\/2026\/02\/Zeichenflache-2@4x-scaled.png\" \/>\n\t<meta property=\"og:image:width\" content=\"2560\" \/>\n\t<meta property=\"og:image:height\" content=\"1112\" \/>\n\t<meta property=\"og:image:type\" content=\"image\/png\" \/>\n<meta name=\"twitter:card\" content=\"summary_large_image\" \/>\n<meta name=\"twitter:label1\" content=\"Est. reading time\" \/>\n\t<meta name=\"twitter:data1\" content=\"1 minute\" \/>\n<script type=\"application\/ld+json\" class=\"yoast-schema-graph\">{\"@context\":\"https:\\\/\\\/schema.org\",\"@graph\":[{\"@type\":\"WebPage\",\"@id\":\"https:\\\/\\\/realitaetsschmiede.com\\\/?page_id=273\",\"url\":\"https:\\\/\\\/realitaetsschmiede.com\\\/?page_id=273\",\"name\":\"Impressum - Realit\u00e4tsschmiede\",\"isPartOf\":{\"@id\":\"https:\\\/\\\/realitaetsschmiede.com\\\/#website\"},\"primaryImageOfPage\":{\"@id\":\"https:\\\/\\\/realitaetsschmiede.com\\\/?page_id=273#primaryimage\"},\"image\":{\"@id\":\"https:\\\/\\\/realitaetsschmiede.com\\\/?page_id=273#primaryimage\"},\"thumbnailUrl\":\"https:\\\/\\\/realitaetsschmiede.com\\\/wp-content\\\/uploads\\\/2026\\\/02\\\/Zeichenflache-2@4x-1024x445.png\",\"datePublished\":\"2026-04-27T21:04:48+00:00\",\"dateModified\":\"2026-04-27T21:18:01+00:00\",\"breadcrumb\":{\"@id\":\"https:\\\/\\\/realitaetsschmiede.com\\\/?page_id=273#breadcrumb\"},\"inLanguage\":\"en-US\",\"potentialAction\":[{\"@type\":\"ReadAction\",\"target\":[\"https:\\\/\\\/realitaetsschmiede.com\\\/?page_id=273\"]}]},{\"@type\":\"ImageObject\",\"inLanguage\":\"en-US\",\"@id\":\"https:\\\/\\\/realitaetsschmiede.com\\\/?page_id=273#primaryimage\",\"url\":\"https:\\\/\\\/realitaetsschmiede.com\\\/wp-content\\\/uploads\\\/2026\\\/02\\\/Zeichenflache-2@4x-scaled.png\",\"contentUrl\":\"https:\\\/\\\/realitaetsschmiede.com\\\/wp-content\\\/uploads\\\/2026\\\/02\\\/Zeichenflache-2@4x-scaled.png\",\"width\":2560,\"height\":1112},{\"@type\":\"BreadcrumbList\",\"@id\":\"https:\\\/\\\/realitaetsschmiede.com\\\/?page_id=273#breadcrumb\",\"itemListElement\":[{\"@type\":\"ListItem\",\"position\":1,\"name\":\"Home\",\"item\":\"https:\\\/\\\/realitaetsschmiede.com\\\/\"},{\"@type\":\"ListItem\",\"position\":2,\"name\":\"Impressum\"}]},{\"@type\":\"WebSite\",\"@id\":\"https:\\\/\\\/realitaetsschmiede.com\\\/#website\",\"url\":\"https:\\\/\\\/realitaetsschmiede.com\\\/\",\"name\":\"Realit\u00e4tsschmiede\",\"description\":\"Realit\u00e4tsschmiede\",\"publisher\":{\"@id\":\"https:\\\/\\\/realitaetsschmiede.com\\\/#organization\"},\"potentialAction\":[{\"@type\":\"SearchAction\",\"target\":{\"@type\":\"EntryPoint\",\"urlTemplate\":\"https:\\\/\\\/realitaetsschmiede.com\\\/?s={search_term_string}\"},\"query-input\":{\"@type\":\"PropertyValueSpecification\",\"valueRequired\":true,\"valueName\":\"search_term_string\"}}],\"inLanguage\":\"en-US\"},{\"@type\":\"Organization\",\"@id\":\"https:\\\/\\\/realitaetsschmiede.com\\\/#organization\",\"name\":\"Realit\u00e4tsschmiede\",\"url\":\"https:\\\/\\\/realitaetsschmiede.com\\\/\",\"logo\":{\"@type\":\"ImageObject\",\"inLanguage\":\"en-US\",\"@id\":\"https:\\\/\\\/realitaetsschmiede.com\\\/#\\\/schema\\\/logo\\\/image\\\/\",\"url\":\"https:\\\/\\\/realitaetsschmiede.com\\\/wp-content\\\/uploads\\\/2026\\\/02\\\/Zeichenflache-2@4x-scaled.png\",\"contentUrl\":\"https:\\\/\\\/realitaetsschmiede.com\\\/wp-content\\\/uploads\\\/2026\\\/02\\\/Zeichenflache-2@4x-scaled.png\",\"width\":2560,\"height\":1112,\"caption\":\"Realit\u00e4tsschmiede\"},\"image\":{\"@id\":\"https:\\\/\\\/realitaetsschmiede.com\\\/#\\\/schema\\\/logo\\\/image\\\/\"}}]}<\/script>\n<!-- \/ Yoast SEO plugin. -->","yoast_head_json":{"title":"Impressum - Realit\u00e4tsschmiede","robots":{"index":"index","follow":"follow","max-snippet":"max-snippet:-1","max-image-preview":"max-image-preview:large","max-video-preview":"max-video-preview:-1"},"canonical":"https:\/\/realitaetsschmiede.com\/?page_id=273","og_locale":"en_US","og_type":"article","og_title":"Impressum - Realit\u00e4tsschmiede","og_description":"Impressum Angaben gem\u00e4\u00df \u00a7 5 TMG (Telemediengesetz) Realit\u00e4tsschmiede Helbig &amp; Baur GbR Gabriele Helbig &amp; Winfried Baur Am Waldhang 33 82205 Gilching Deutschland Telefon: +49 173 3813245 \/ +49 152 38473410 E-Mail: gaby.helbig@icloud.com \/ winne.baur@gmx.de Vertreten durch: Gabriele Helbig &amp; Winfried Baur Umsatzsteuer-ID: DE453108248 Verantwortlich f\u00fcr den Inhalt nach \u00a7 55 Abs. 2 RStV: Vor- [&hellip;]","og_url":"https:\/\/realitaetsschmiede.com\/?page_id=273","og_site_name":"Realit\u00e4tsschmiede","article_modified_time":"2026-04-27T21:18:01+00:00","og_image":[{"width":2560,"height":1112,"url":"https:\/\/realitaetsschmiede.com\/wp-content\/uploads\/2026\/02\/Zeichenflache-2@4x-scaled.png","type":"image\/png"}],"twitter_card":"summary_large_image","twitter_misc":{"Est. reading time":"1 minute"},"schema":{"@context":"https:\/\/schema.org","@graph":[{"@type":"WebPage","@id":"https:\/\/realitaetsschmiede.com\/?page_id=273","url":"https:\/\/realitaetsschmiede.com\/?page_id=273","name":"Impressum - Realit\u00e4tsschmiede","isPartOf":{"@id":"https:\/\/realitaetsschmiede.com\/#website"},"primaryImageOfPage":{"@id":"https:\/\/realitaetsschmiede.com\/?page_id=273#primaryimage"},"image":{"@id":"https:\/\/realitaetsschmiede.com\/?page_id=273#primaryimage"},"thumbnailUrl":"https:\/\/realitaetsschmiede.com\/wp-content\/uploads\/2026\/02\/Zeichenflache-2@4x-1024x445.png","datePublished":"2026-04-27T21:04:48+00:00","dateModified":"2026-04-27T21:18:01+00:00","breadcrumb":{"@id":"https:\/\/realitaetsschmiede.com\/?page_id=273#breadcrumb"},"inLanguage":"en-US","potentialAction":[{"@type":"ReadAction","target":["https:\/\/realitaetsschmiede.com\/?page_id=273"]}]},{"@type":"ImageObject","inLanguage":"en-US","@id":"https:\/\/realitaetsschmiede.com\/?page_id=273#primaryimage","url":"https:\/\/realitaetsschmiede.com\/wp-content\/uploads\/2026\/02\/Zeichenflache-2@4x-scaled.png","contentUrl":"https:\/\/realitaetsschmiede.com\/wp-content\/uploads\/2026\/02\/Zeichenflache-2@4x-scaled.png","width":2560,"height":1112},{"@type":"BreadcrumbList","@id":"https:\/\/realitaetsschmiede.com\/?page_id=273#breadcrumb","itemListElement":[{"@type":"ListItem","position":1,"name":"Home","item":"https:\/\/realitaetsschmiede.com\/"},{"@type":"ListItem","position":2,"name":"Impressum"}]},{"@type":"WebSite","@id":"https:\/\/realitaetsschmiede.com\/#website","url":"https:\/\/realitaetsschmiede.com\/","name":"Realit\u00e4tsschmiede","description":"Realit\u00e4tsschmiede","publisher":{"@id":"https:\/\/realitaetsschmiede.com\/#organization"},"potentialAction":[{"@type":"SearchAction","target":{"@type":"EntryPoint","urlTemplate":"https:\/\/realitaetsschmiede.com\/?s={search_term_string}"},"query-input":{"@type":"PropertyValueSpecification","valueRequired":true,"valueName":"search_term_string"}}],"inLanguage":"en-US"},{"@type":"Organization","@id":"https:\/\/realitaetsschmiede.com\/#organization","name":"Realit\u00e4tsschmiede","url":"https:\/\/realitaetsschmiede.com\/","logo":{"@type":"ImageObject","inLanguage":"en-US","@id":"https:\/\/realitaetsschmiede.com\/#\/schema\/logo\/image\/","url":"https:\/\/realitaetsschmiede.com\/wp-content\/uploads\/2026\/02\/Zeichenflache-2@4x-scaled.png","contentUrl":"https:\/\/realitaetsschmiede.com\/wp-content\/uploads\/2026\/02\/Zeichenflache-2@4x-scaled.png","width":2560,"height":1112,"caption":"Realit\u00e4tsschmiede"},"image":{"@id":"https:\/\/realitaetsschmiede.com\/#\/schema\/logo\/image\/"}}]}},"_links":{"self":[{"href":"https:\/\/realitaetsschmiede.com\/index.php?rest_route=\/wp\/v2\/pages\/273","targetHints":{"allow":["GET"]}}],"collection":[{"href":"https:\/\/realitaetsschmiede.com\/index.php?rest_route=\/wp\/v2\/pages"}],"about":[{"href":"https:\/\/realitaetsschmiede.com\/index.php?rest_route=\/wp\/v2\/types\/page"}],"author":[{"embeddable":true,"href":"https:\/\/realitaetsschmiede.com\/index.php?rest_route=\/wp\/v2\/users\/1"}],"replies":[{"embeddable":true,"href":"https:\/\/realitaetsschmiede.com\/index.php?rest_route=%2Fwp%2Fv2%2Fcomments&post=273"}],"version-history":[{"count":5,"href":"https:\/\/realitaetsschmiede.com\/index.php?rest_route=\/wp\/v2\/pages\/273\/revisions"}],"predecessor-version":[{"id":312,"href":"https:\/\/realitaetsschmiede.com\/index.php?rest_route=\/wp\/v2\/pages\/273\/revisions\/312"}],"wp:attachment":[{"href":"https:\/\/realitaetsschmiede.com\/index.php?rest_route=%2Fwp%2Fv2%2Fmedia&parent=273"}],"curies":[{"name":"wp","href":"https:\/\/api.w.org\/{rel}","templated":true}]}}